{"id":1820,"date":"2023-06-27T16:45:51","date_gmt":"2023-06-27T14:45:51","guid":{"rendered":"https:\/\/aaup.really.ovh\/politica-de-privacidad\/"},"modified":"2026-01-07T19:31:54","modified_gmt":"2026-01-07T18:31:54","slug":"politica-de-privacidad","status":"publish","type":"page","link":"https:\/\/aaup.really.ovh\/es\/politica-de-privacidad\/","title":{"rendered":"Pol\u00edtica de Privacidad"},"content":{"rendered":"<div class=\"wpb-content-wrapper\"><!DOCTYPE html PUBLIC \"-\/\/W3C\/\/DTD HTML 4.0 Transitional\/\/EN\" \"http:\/\/www.w3.org\/TR\/REC-html40\/loose.dtd\">\n<html><body><p>[vc_section][vc_row][vc_column][vc_column_text]<span dir=\"auto\">El Titular le informa sobre su Pol&iacute;tica de Privacidad respecto al tratamiento y protecci&oacute;n de los datos de car&aacute;cter personal de los usuarios que puedan ser solicitados durante la navegaci&oacute;n a trav&eacute;s del Sitio Web:&nbsp;<\/span><a role=\"link\" href=\"https:\/\/www.aaup.cat\/\"><span dir=\"auto\">https:\/\/www.aaup.cat\/<\/span><\/a><\/p>\n<p><span dir=\"auto\">En este sentido, el Titular garantiza el cumplimiento de la normativa vigente en materia de protecci&oacute;n de datos personales, reflejada en la Ley Org&aacute;nica 3\/2018, de 5 de diciembre, de Protecci&oacute;n de Datos Personales y de Garant&iacute;a de Derechos Digitales (LOPD GDD). Cumple tambi&eacute;n con el Reglamento (UE) 2016\/679 del Parlamento Europeo y del Consejo de 27 de abril de 2016 relativo a la protecci&oacute;n de las personas f&iacute;sicas (RGPD).<\/span><\/p>\n<p><span dir=\"auto\">El uso del sitio web implica la aceptaci&oacute;n de esta Pol&iacute;tica de Privacidad as&iacute; como las condiciones incluidas en el&nbsp;&nbsp;<\/span><a role=\"link\" href=\"https:\/\/aaup.really.ovh\/es\/aviso-legal\/\"><span dir=\"auto\">Aviso Legal<\/span><\/a><span dir=\"auto\">&nbsp;&nbsp;.<\/span><\/p>\n<h2><span dir=\"auto\">Identidad del Responsable<\/span><\/h2>\n<ul>\n<li><strong><span dir=\"auto\">Titular<\/span><\/strong><span dir=\"auto\">&nbsp;: AAUP ARQUITECTOS SLP<\/span><\/li>\n<li><strong><span dir=\"auto\">NIF<\/span><\/strong><span dir=\"auto\">&nbsp;: B64788359<\/span><\/li>\n<li><strong><span dir=\"auto\">Domicilio<\/span><\/strong><span dir=\"auto\">&nbsp;: C&oacute;rcega 295, 08025, Barcelona &ndash; Espa&ntilde;a.<\/span><\/li>\n<li><strong><span dir=\"auto\">Correo electr&oacute;nico<\/span><\/strong><span dir=\"auto\">&nbsp;: romero@aaup.cat<\/span><\/li>\n<li><strong><span dir=\"auto\">Tel&eacute;fono de contacto<\/span><\/strong><span dir=\"auto\">&nbsp;: +34.933105413<\/span><\/li>\n<li><strong><span dir=\"auto\">Sitio Web<\/span><\/strong><span dir=\"auto\">&nbsp;: https:\/\/www.aaup.cat\/<\/span><\/li>\n<\/ul>\n<h2><span dir=\"auto\">Principios aplicados al tratamiento de datos<\/span><\/h2>\n<p><span dir=\"auto\">En el tratamiento de sus datos personales, el Titular aplicar&aacute; los siguientes principios que se ajustan a las exigencias del nuevo reglamento europeo de protecci&oacute;n de datos (RGPD):<\/span><\/p>\n<ul>\n<li><span dir=\"auto\">Principio de licitud, lealtad y transparencia: El Titular siempre requerir&aacute; el consentimiento para el tratamiento de los datos personales que puede ser para uno o varios fines espec&iacute;ficos sobre los que el Titular informar&aacute; al Usuario previamente con absoluta transparencia.<\/span><\/li>\n<li><span dir=\"auto\">Principio de minimizaci&oacute;n de datos: El Titular solicitar&aacute; s&oacute;lo los datos estrictamente necesarios para la finalidad o hasta que los solicita.<\/span><\/li>\n<li><span dir=\"auto\">Principio de limitaci&oacute;n del plazo de conservaci&oacute;n: El Titular mantendr&aacute; los datos personales recabados durante el tiempo estrictamente necesario para el fin o fines del tratamiento. El titular informar&aacute; al usuario del plazo de conservaci&oacute;n correspondiente seg&uacute;n la finalidad. En caso de suscripciones, el Titular revisar&aacute; peri&oacute;dicamente las listas y eliminar&aacute; aquellos registros inactivos durante un tiempo considerable.<\/span><\/li>\n<li><span dir=\"auto\">Principio de integridad y confidencialidad: Los datos personales recogidos ser&aacute;n tratados de forma que su seguridad, confidencialidad e integridad est&aacute; garantizada. El Titular toma las precauciones necesarias para evitar el acceso no autorizado o uso indebido de los datos de los usuarios por parte de terceros.<\/span><\/li>\n<\/ul>\n<h2><span dir=\"auto\">Obtenci&oacute;n de datos personales<\/span><\/h2>\n<p><span dir=\"auto\">Para navegar por el sitio web no es necesario que facilite ning&uacute;n dato personal.<\/span><\/p>\n<h2><span dir=\"auto\">Derechos<\/span><\/h2>\n<p><span dir=\"auto\">El Titular le informa que sobre sus datos personales tiene derecho a:<\/span><\/p>\n<ul>\n<li><span dir=\"auto\">Solicitar el acceso a los datos almacenados.<\/span><\/li>\n<li><span dir=\"auto\">Solicitar una rectificaci&oacute;n o supresi&oacute;n.<\/span><\/li>\n<li><span dir=\"auto\">Solicitar la limitaci&oacute;n del tratamiento.<\/span><\/li>\n<li><span dir=\"auto\">Oponerse al tratamiento.<\/span><\/li>\n<\/ul>\n<p><span dir=\"auto\">No puede ejercitar el derecho a la portabilidad de los datos.<\/span><\/p>\n<p><span dir=\"auto\">El ejercicio de estos derechos es personal y por tanto debe ser ejercido directamente por el interesado, solicit&aacute;ndolo directamente al Titular, lo que significa que cualquier cliente, suscriptor o colaborador que haya facilitado los datos en alg&uacute;n momento, puede dirigirse al Titular y pedir informaci&oacute;n sobre los datos que tiene almacenados y c&oacute;mo los ha obtenido, solicitar su rectificaci&oacute;n, solicitar su rectificaci&oacute;n, supresi&oacute;n de estos datos en los archivos del Titular.<\/span><\/p>\n<p><span dir=\"auto\">Para ejercitar sus derechos debe enviar su petici&oacute;n junto con una fotocopia del Documento Nacional de Identidad o equivalente a la direcci&oacute;n de correo electr&oacute;nico: romero@aaup.cat<\/span><\/p>\n<p><span dir=\"auto\">El ejercicio de estos derechos no incluye ning&uacute;n dato que el Titular est&eacute; obligado a conservar con fines administrativos, legales o de seguridad.<\/span><\/p>\n<p><span dir=\"auto\">Tiene derecho a la tutela judicial efectiva ya presentar una reclamaci&oacute;n ante la autoridad de control, en este caso, la Agencia Espa&ntilde;ola de Protecci&oacute;n de Datos, si considera que el tratamiento de datos personales que conciernen infringe el Reglamento.<\/span><\/p>\n<h2><span dir=\"auto\">Finalidad del tratamiento de datos personales<\/span><\/h2>\n<p><span dir=\"auto\">Cuando se conecta al Sitio Web para enviar un correo al Titular, se suscribe a su bolet&iacute;n est&aacute; facilitando informaci&oacute;n de car&aacute;cter personal de la que el responsable es el Titular. Esta informaci&oacute;n puede incluir datos de car&aacute;cter personal como pueden ser su direcci&oacute;n IP, nombre y apellidos, direcci&oacute;n f&iacute;sica, direcci&oacute;n de correo electr&oacute;nico, n&uacute;mero de tel&eacute;fono, y otra informaci&oacute;n. Al facilitar esta informaci&oacute;n, d&eacute; su consentimiento para que su informaci&oacute;n sea recopilada, utilizada, gestionada y almacenada por &mdash; CDMON &mdash; s&oacute;lo como se describe en las p&aacute;ginas:<\/span><\/p>\n<ul>\n<li><a role=\"link\" href=\"https:\/\/www.ccarquitectes.cat\/avis-legal\/\"><span dir=\"auto\">Aviso Legal<\/span><\/a><\/li>\n<li><a role=\"link\" href=\"https:\/\/aaup.really.ovh\/es\/politica-de-privacidad\/\"><span dir=\"auto\">Pol&iacute;tica de Privacidad<\/span><\/a><\/li>\n<\/ul>\n<p><span dir=\"auto\">Los datos personales y la finalidad del tratamiento por parte del Titular son distintos seg&uacute;n el sistema de captura de informaci&oacute;n:<\/span><\/p>\n<p><span dir=\"auto\">Hay otras finalidades por las que el Titular trata datos personales:<\/span><\/p>\n<ul>\n<li><span dir=\"auto\">Para garantizar el cumplimiento de las condiciones recogidas en la p&aacute;gina de Aviso Legal y de la ley aplicable. Esto puede incluir el desarrollo de herramientas y algoritmos que ayuden al Sitio Web a garantizar la confidencialidad de los datos personales recogidos.<\/span><\/li>\n<li><span dir=\"auto\">Para apoyar y mejorar los servicios que ofrece este Sitio Web.<\/span><\/li>\n<\/ul>\n<h2><span dir=\"auto\">Seguridad de los datos personales<\/span><\/h2>\n<p><span dir=\"auto\">Para proteger sus datos personales, el Titular toma todas las precauciones razonables y sigue las mejores pr&aacute;cticas de la industria para evitar su p&eacute;rdida, mal uso, acceso indebido, divulgaci&oacute;n, alteraci&oacute;n o destrucci&oacute;n.<\/span><\/p>\n<p><span dir=\"auto\">El sitio web est&aacute; alojado en: CDMON. La seguridad de los datos est&aacute; garantizada, ya que toman todas las medidas de seguridad necesarias para ello. Puede consultar su pol&iacute;tica de privacidad para obtener m&aacute;s informaci&oacute;n.<\/span><\/p>\n<p><span dir=\"auto\">El Titular informa al Usuario que sus datos personales no ser&aacute;n cedidos a terceras organizaciones, salvo que esta cesi&oacute;n de datos est&eacute; amparada en obligaci&oacute;n legal o cuando la prestaci&oacute;n de un servicio implique la necesidad de una relaci&oacute;n contractual con un encargado de tratamiento. En este &uacute;ltimo caso, s&oacute;lo se llevar&aacute; a cabo la cesi&oacute;n de datos al tercero cuando el Titular disponga del consentimiento expreso del Usuario.<\/span><\/p>\n<p><span dir=\"auto\">Sin embargo, en algunos casos se pueden realizar colaboraciones con otros profesionales, en estos casos, se requerir&aacute; consentimiento al Usuario informando sobre la identidad del colaborador y la finalidad de la colaboraci&oacute;n. Siempre se realizar&aacute; con los est&aacute;ndares de seguridad m&aacute;s estrictos.<\/span><\/p>\n<h2><span dir=\"auto\">Contenido de otros sitios web<\/span><\/h2>\n<p><span dir=\"auto\">Las p&aacute;ginas de este sitio web pueden incluir contenido incrustado (por ejemplo, v&iacute;deos, im&aacute;genes, art&iacute;culos, etc.). El contenido incrustado de otras web se comporta exactamente de la misma forma que si hubiera visitado la otra web.<\/span><\/p>\n<p><span dir=\"auto\">Estos sitios web pueden recopilar datos sobre usted, utilizar cookies, incrustar un c&oacute;digo de seguimiento adicional de terceros y supervisar su interacci&oacute;n usando ese c&oacute;digo.<\/span><\/p>\n<h2><span dir=\"auto\">Pol&iacute;tica de Cookies<\/span><\/h2>\n<p><span dir=\"auto\">Para que este sitio web funcione correctamente debe utilizar cookies, que es una informaci&oacute;n que se almacena en su navegador web.<\/span><\/p>\n<h2><span dir=\"auto\">Legitimaci&oacute;n para el tratamiento de datos<\/span><\/h2>\n<p><span dir=\"auto\">La base legal para el tratamiento de sus datos es:<\/span><\/p>\n<ul>\n<li><span dir=\"auto\">El consentimiento del interesado.<\/span><\/li>\n<\/ul>\n<h2><span dir=\"auto\">Categor&iacute;as de datos personales<\/span><\/h2>\n<p><span dir=\"auto\">Las categor&iacute;as de datos personales que trata el Titular son:<\/span><\/p>\n<ul>\n<li><span dir=\"auto\">Datos identificativos.<\/span><\/li>\n<li><span dir=\"auto\">No se tratan categor&iacute;as de datos especialmente protegidas.<\/span><\/li>\n<\/ul>\n<h2><span dir=\"auto\">Conservaci&oacute;n de datos personales<\/span><\/h2>\n<p><span dir=\"auto\">Los datos personales proporcionados al Titular se conservar&aacute;n hasta que solicite la supresi&oacute;n.<\/span><\/p>\n<h2><span dir=\"auto\">Navegaci&oacute;n Web<\/span><\/h2>\n<p><span dir=\"auto\">Al navegar por el Sitio Web se pueden recoger datos no identificativos, que pueden incluir, la direcci&oacute;n IP, geolocalizaci&oacute;n, un registro de c&oacute;mo se utilizan los servicios y sitios, h&aacute;bitos de navegaci&oacute;n y otros datos que no pueden ser utilizados para identificarle.<\/span><\/p>\n<p><span dir=\"auto\">El sitio web utiliza los siguientes servicios de an&aacute;lisis de terceros:<\/span><\/p>\n<p><span dir=\"auto\">El Titular utiliza la informaci&oacute;n obtenida para obtener datos estad&iacute;sticos, analizar tendencias, administrar el sitio, estudiar patrones de navegaci&oacute;n y para recopilar informaci&oacute;n demogr&aacute;fica.<\/span><\/p>\n<p><span dir=\"auto\">El Titular no se hace responsable del tratamiento de los datos personales que realicen las p&aacute;ginas web a las que pueda acceder a trav&eacute;s de los diferentes enlaces contenidos en el Sitio Web.<\/span><\/p>\n<h2><span dir=\"auto\">Exactitud y veracidad de los datos personales<\/span><\/h2>\n<p><span dir=\"auto\">Usted se compromete a que los datos facilitados al Titular sean correctos, completos, exactos y vigentes, as&iacute; como a mantenerlos debidamente actualizados.<\/span><\/p>\n<p><span dir=\"auto\">Como Usuario del Sitio Web es el &uacute;nico responsable de la veracidad y correcci&oacute;n de los datos remitidos al Sitio Web exonerando al Titular de cualquier responsabilidad al respecto.<\/span><\/p>\n<h2><span dir=\"auto\">Aceptaci&oacute;n y consentimiento<\/span><\/h2>\n<p><span dir=\"auto\">Como Usuario del Sitio Web declara haber sido informado de las condiciones sobre protecci&oacute;n de datos de car&aacute;cter personal, acepta y consiente el tratamiento de los mismos por parte del Titular en la forma y para las finalidades indicadas en esta Pol&iacute;tica de Privacidad.<\/span><\/p>\n<p><span dir=\"auto\">Para contactar con el Titular, suscribirse a un bolet&iacute;n o hacer comentarios en este sitio web debe aceptar esta Pol&iacute;tica de Privacidad.<\/span><\/p>\n<h2><span dir=\"auto\">Cambios en la Pol&iacute;tica de Privacidad<\/span><\/h2>\n<p><span dir=\"auto\">El Titular se reserva el derecho a modificar esta Pol&iacute;tica de Privacidad para adaptarla a novedades legislativas o jurisprudenciales, as&iacute; como a pr&aacute;cticas de la industria.<\/span><\/p>\n<p><span dir=\"auto\">Estas pol&iacute;ticas estar&aacute;n vigentes hasta que sean modificadas por otras debidamente publicadas.<\/span>[\/vc_column_text][\/vc_column][\/vc_row][\/vc_section]<\/p>\n<\/body><\/html>\n<\/div>","protected":false},"excerpt":{"rendered":"[vc_section][vc_row][vc_column][vc_column_text]El Titular le informa sobre su Pol&iacute;tica de Privacidad respecto al tratamiento y protecci&oacute;n de los datos de car&aacute;cter personal de los usuarios que puedan ser solicitados durante la navegaci&oacute;n a trav&eacute;s del Sitio Web:&nbsp;https:\/\/www.aaup.cat\/ En este sentido, el Titular garantiza el cumplimiento de la normativa vigente en materia de protecci&oacute;n de datos personales, reflejada&#8230; <p><a class=\"view-article btn btn-secondary\" href=\"https:\/\/aaup.really.ovh\/es\/politica-de-privacidad\/\" role=\"button\">Leer m\u00e1s <\/a><\/p>","protected":false},"author":1,"featured_media":0,"parent":0,"menu_order":0,"comment_status":"closed","ping_status":"closed","template":"","meta":{"inline_featured_image":false,"footnotes":""},"class_list":["post-1820","page","type-page","status-publish","hentry"],"yoast_head":"<!-- This site is optimized with the Yoast SEO plugin v26.5 - https:\/\/yoast.com\/wordpress\/plugins\/seo\/ -->\n<title>Pol\u00edtica de Privacidad - AAUP<\/title>\n<meta name=\"robots\" content=\"noindex, follow, max-snippet:-1, max-image-preview:large, max-video-preview:-1\" \/>\n<meta property=\"og:locale\" content=\"es_ES\" \/>\n<meta property=\"og:type\" content=\"article\" \/>\n<meta property=\"og:title\" content=\"Pol\u00edtica de Privacidad - AAUP\" \/>\n<meta property=\"og:description\" content=\"[vc_section][vc_row][vc_column][vc_column_text]El Titular le informa sobre su Pol&iacute;tica de Privacidad respecto al tratamiento y protecci&oacute;n de los datos de car&aacute;cter personal de los usuarios que puedan ser solicitados durante la navegaci&oacute;n a trav&eacute;s del Sitio Web:&nbsp;https:\/\/www.aaup.cat\/ En este sentido, el Titular garantiza el cumplimiento de la normativa vigente en materia de protecci&oacute;n de datos personales, reflejada... Leer m\u00e1s\" \/>\n<meta property=\"og:url\" content=\"https:\/\/aaup.really.ovh\/es\/politica-de-privacidad\/\" \/>\n<meta property=\"og:site_name\" content=\"AAUP\" \/>\n<meta property=\"article:modified_time\" content=\"2026-01-07T18:31:54+00:00\" \/>\n<meta name=\"twitter:card\" content=\"summary_large_image\" \/>\n<meta name=\"twitter:label1\" content=\"Tiempo de lectura\" \/>\n\t<meta name=\"twitter:data1\" content=\"8 minutos\" \/>\n<script type=\"application\/ld+json\" class=\"yoast-schema-graph\">{\"@context\":\"https:\/\/schema.org\",\"@graph\":[{\"@type\":\"WebPage\",\"@id\":\"https:\/\/aaup.really.ovh\/es\/politica-de-privacidad\/\",\"url\":\"https:\/\/aaup.really.ovh\/es\/politica-de-privacidad\/\",\"name\":\"Pol\u00edtica de Privacidad - AAUP\",\"isPartOf\":{\"@id\":\"https:\/\/aaup.really.ovh\/es\/#website\"},\"datePublished\":\"2023-06-27T14:45:51+00:00\",\"dateModified\":\"2026-01-07T18:31:54+00:00\",\"breadcrumb\":{\"@id\":\"https:\/\/aaup.really.ovh\/es\/politica-de-privacidad\/#breadcrumb\"},\"inLanguage\":\"es\",\"potentialAction\":[{\"@type\":\"ReadAction\",\"target\":[\"https:\/\/aaup.really.ovh\/es\/politica-de-privacidad\/\"]}]},{\"@type\":\"BreadcrumbList\",\"@id\":\"https:\/\/aaup.really.ovh\/es\/politica-de-privacidad\/#breadcrumb\",\"itemListElement\":[{\"@type\":\"ListItem\",\"position\":1,\"name\":\"Home\",\"item\":\"https:\/\/aaup.really.ovh\/es\/destacados\/\"},{\"@type\":\"ListItem\",\"position\":2,\"name\":\"Pol\u00edtica de Privacidad\"}]},{\"@type\":\"WebSite\",\"@id\":\"https:\/\/aaup.really.ovh\/es\/#website\",\"url\":\"https:\/\/aaup.really.ovh\/es\/\",\"name\":\"AAUP\",\"description\":\"Planificaci\u00f3 i la gesti\u00f3 urban\u00edstica\",\"potentialAction\":[{\"@type\":\"SearchAction\",\"target\":{\"@type\":\"EntryPoint\",\"urlTemplate\":\"https:\/\/aaup.really.ovh\/es\/?s={search_term_string}\"},\"query-input\":{\"@type\":\"PropertyValueSpecification\",\"valueRequired\":true,\"valueName\":\"search_term_string\"}}],\"inLanguage\":\"es\"}]}<\/script>\n<!-- \/ Yoast SEO plugin. -->","yoast_head_json":{"title":"Pol\u00edtica de Privacidad - AAUP","robots":{"index":"noindex","follow":"follow","max-snippet":"max-snippet:-1","max-image-preview":"max-image-preview:large","max-video-preview":"max-video-preview:-1"},"og_locale":"es_ES","og_type":"article","og_title":"Pol\u00edtica de Privacidad - AAUP","og_description":"[vc_section][vc_row][vc_column][vc_column_text]El Titular le informa sobre su Pol&iacute;tica de Privacidad respecto al tratamiento y protecci&oacute;n de los datos de car&aacute;cter personal de los usuarios que puedan ser solicitados durante la navegaci&oacute;n a trav&eacute;s del Sitio Web:&nbsp;https:\/\/www.aaup.cat\/ En este sentido, el Titular garantiza el cumplimiento de la normativa vigente en materia de protecci&oacute;n de datos personales, reflejada... Leer m\u00e1s","og_url":"https:\/\/aaup.really.ovh\/es\/politica-de-privacidad\/","og_site_name":"AAUP","article_modified_time":"2026-01-07T18:31:54+00:00","twitter_card":"summary_large_image","twitter_misc":{"Tiempo de lectura":"8 minutos"},"schema":{"@context":"https:\/\/schema.org","@graph":[{"@type":"WebPage","@id":"https:\/\/aaup.really.ovh\/es\/politica-de-privacidad\/","url":"https:\/\/aaup.really.ovh\/es\/politica-de-privacidad\/","name":"Pol\u00edtica de Privacidad - AAUP","isPartOf":{"@id":"https:\/\/aaup.really.ovh\/es\/#website"},"datePublished":"2023-06-27T14:45:51+00:00","dateModified":"2026-01-07T18:31:54+00:00","breadcrumb":{"@id":"https:\/\/aaup.really.ovh\/es\/politica-de-privacidad\/#breadcrumb"},"inLanguage":"es","potentialAction":[{"@type":"ReadAction","target":["https:\/\/aaup.really.ovh\/es\/politica-de-privacidad\/"]}]},{"@type":"BreadcrumbList","@id":"https:\/\/aaup.really.ovh\/es\/politica-de-privacidad\/#breadcrumb","itemListElement":[{"@type":"ListItem","position":1,"name":"Home","item":"https:\/\/aaup.really.ovh\/es\/destacados\/"},{"@type":"ListItem","position":2,"name":"Pol\u00edtica de Privacidad"}]},{"@type":"WebSite","@id":"https:\/\/aaup.really.ovh\/es\/#website","url":"https:\/\/aaup.really.ovh\/es\/","name":"AAUP","description":"Planificaci\u00f3 i la gesti\u00f3 urban\u00edstica","potentialAction":[{"@type":"SearchAction","target":{"@type":"EntryPoint","urlTemplate":"https:\/\/aaup.really.ovh\/es\/?s={search_term_string}"},"query-input":{"@type":"PropertyValueSpecification","valueRequired":true,"valueName":"search_term_string"}}],"inLanguage":"es"}]}},"_links":{"self":[{"href":"https:\/\/aaup.really.ovh\/es\/wp-json\/wp\/v2\/pages\/1820","targetHints":{"allow":["GET"]}}],"collection":[{"href":"https:\/\/aaup.really.ovh\/es\/wp-json\/wp\/v2\/pages"}],"about":[{"href":"https:\/\/aaup.really.ovh\/es\/wp-json\/wp\/v2\/types\/page"}],"author":[{"embeddable":true,"href":"https:\/\/aaup.really.ovh\/es\/wp-json\/wp\/v2\/users\/1"}],"replies":[{"embeddable":true,"href":"https:\/\/aaup.really.ovh\/es\/wp-json\/wp\/v2\/comments?post=1820"}],"version-history":[{"count":2,"href":"https:\/\/aaup.really.ovh\/es\/wp-json\/wp\/v2\/pages\/1820\/revisions"}],"predecessor-version":[{"id":1822,"href":"https:\/\/aaup.really.ovh\/es\/wp-json\/wp\/v2\/pages\/1820\/revisions\/1822"}],"wp:attachment":[{"href":"https:\/\/aaup.really.ovh\/es\/wp-json\/wp\/v2\/media?parent=1820"}],"curies":[{"name":"wp","href":"https:\/\/api.w.org\/{rel}","templated":true}]}}