{"id":1816,"date":"2023-06-28T00:49:56","date_gmt":"2023-06-27T22:49:56","guid":{"rendered":"https:\/\/aaup.really.ovh\/aviso-legal\/"},"modified":"2026-01-07T19:30:25","modified_gmt":"2026-01-07T18:30:25","slug":"aviso-legal","status":"publish","type":"page","link":"https:\/\/aaup.really.ovh\/es\/aviso-legal\/","title":{"rendered":"Aviso legal"},"content":{"rendered":"<div class=\"wpb-content-wrapper\"><!DOCTYPE html PUBLIC \"-\/\/W3C\/\/DTD HTML 4.0 Transitional\/\/EN\" \"http:\/\/www.w3.org\/TR\/REC-html40\/loose.dtd\">\n<html><body><p>[vc_section][vc_row][vc_column][vc_column_text]<\/p>\n<h2><span dir=\"auto\">Identificaci&oacute;n y Titularidad<\/span><\/h2>\n<p><span dir=\"auto\">En cumplimiento del art&iacute;culo 10 de la Ley 34\/2002, de 11 de julio, de servicios de la Sociedad de la Informaci&oacute;n y Comercio Electr&oacute;nico, el Titular expone sus datos identificativos:<\/span><\/p>\n<ul>\n<li><strong><span dir=\"auto\">Titular:<\/span><\/strong><span dir=\"auto\">&nbsp;AAUP ARQUITECTOS SLP<\/span><\/li>\n<li><strong><span dir=\"auto\">NIF:<\/span><\/strong><span dir=\"auto\">&nbsp;B64788359<\/span><\/li>\n<li><strong><span dir=\"auto\">Domicilio:<\/span><\/strong><span dir=\"auto\">&nbsp;C&oacute;rcega 295, 08025, Barcelona &ndash; Espa&ntilde;a.<\/span><\/li>\n<li><strong><span dir=\"auto\">Correo electr&oacute;nico:<\/span><\/strong><span dir=\"auto\">&nbsp;romero@aaup.cat<\/span><\/li>\n<li><strong><span dir=\"auto\">Tel&eacute;fono de contacto:<\/span><\/strong><span dir=\"auto\">&nbsp;+34.933105413<\/span><\/li>\n<li><strong><span dir=\"auto\">Sitio Web:&nbsp;<\/span><\/strong>&nbsp;<a role=\"link\" href=\"https:\/\/www.aaup.cat\/\"><span dir=\"auto\">https:\/\/www.aaup.cat\/<\/span><\/a><\/li>\n<\/ul>\n<h2><span dir=\"auto\">Finalidad<\/span><\/h2>\n<p><span dir=\"auto\">La finalidad del Sitio Web es: Arquitectura.<\/span><\/p>\n<h2><span dir=\"auto\">Condiciones de uso<\/span><\/h2>\n<p><span dir=\"auto\">La utilizaci&oacute;n del Sitio Web le otorga la condici&oacute;n de Usuario, e implica la aceptaci&oacute;n completa de todas las cl&aacute;usulas y condiciones de uso incluidas en las p&aacute;ginas:<\/span><\/p>\n<ul>\n<li><a role=\"link\" href=\"https:\/\/aaup.really.ovh\/es\/aviso-legal\/\"><span dir=\"auto\">Aviso Legal<\/span><\/a><\/li>\n<li><a role=\"link\" href=\"https:\/\/aaup.really.ovh\/es\/politica-de-privacidad\/\"><span dir=\"auto\">Pol&iacute;tica de Privacidad<\/span><\/a><\/li>\n<\/ul>\n<p><span dir=\"auto\">Si no est&aacute; de acuerdo con todas y cada una de estas cl&aacute;usulas y condiciones abst&eacute;ngase a utilizar el Sitio Web. El acceso al Sitio Web no supone, en modo alguno, el inicio de una relaci&oacute;n comercial con el Titular. A trav&eacute;s del Sitio Web, el Titular le facilita el acceso y la utilizaci&oacute;n de diversos contenidos que el Titular y\/o sus colaboradores han publicado a trav&eacute;s de Internet. A tal efecto, est&aacute; obligado y comprometido a NO utilizar cualquiera de los contenidos del Sitio Web con fines o efectos il&iacute;citos, prohibidos en este Aviso Legal o por la legislaci&oacute;n vigente, lesivos de los derechos e intereses de terceros, o que de cualquier modo puedan da&ntilde;ar, inutilizar, sobrecargar, deteriorar o impedir la utilizaci&oacute;n normal de los contenidos, los equipos inform&aacute;ticos o los documentos, contratados por el Titular, de otros usuarios o de cualquier usuario de Internet.<\/span><\/p>\n<h2><span dir=\"auto\">Medidas de seguridad<\/span><\/h2>\n<p><span dir=\"auto\">Los datos personales que facilite al Titular podr&aacute;n ser almacenados en bases de datos automatizadas o no, cuya titularidad corresponde en exclusiva al Titular, que asume todas las medidas de &iacute;ndole t&eacute;cnica, organizativa y de seguridad que garanticen la confidencialidad, integridad y calidad de la informaci&oacute;n contenida en las mismas de acuerdo con lo establecido en la normativa vigente en protecci&oacute;n de datos. Sin embargo, debe ser consciente de que las medidas de seguridad de los sistemas inform&aacute;ticos en Internet no son enteramente fiables y que, por tanto el Titular no puede garantizar la inexistencia de virus u otros elementos que puedan producir alteraciones en los sistemas inform&aacute;ticos (software y hardware) del Usuario o en sus documentos electr&oacute;nicos y ficheros contenidos en &eacute;stos aunque el Titular pone todos los Titulares de estos elementos nocivos.<\/span><\/p>\n<h2><span dir=\"auto\">Tratamiento de datos personales<\/span><\/h2>\n<p><span dir=\"auto\">Puede consultar toda la informaci&oacute;n relativa al tratamiento de datos personales que recoge el Titular en la p&aacute;gina de Pol&iacute;tica de Privacidad.<\/span><\/p>\n<h2><span dir=\"auto\">Contenidos<\/span><\/h2>\n<p><span dir=\"auto\">El Titular ha obtenido la informaci&oacute;n, contenido multimedia y materiales incluidos en el Sitio Web de fuentes que considera fiables, pero si bien ha tomado todas las medidas razonables para asegurar que la informaci&oacute;n contenida es correcta, el Titular no garantiza que sea exacta, completa o actualizada. El Titular declina expresamente cualquier responsabilidad por error u omisi&oacute;n en la informaci&oacute;n contenida en las p&aacute;ginas del Sitio Web. Queda prohibido transmitir o enviar a trav&eacute;s del Sitio Web cualquier contenido ilegal o il&iacute;cito, virus inform&aacute;ticos, o mensajes que, en general, afecten o violen derechos del Titular o de terceros. Los contenidos del Sitio Web tienen &uacute;nicamente una finalidad informativa y bajo ninguna circunstancia deben usarse ni considerarse como oferta de venta, solicitud de una oferta de compra ni recomendaci&oacute;n para realizar cualquier otra operaci&oacute;n, salvo que as&iacute; se indique expresamente. El Titular se reserva el derecho a modificar, suspender, cancelar o restringir el contenido del Sitio Web, los enlaces o la informaci&oacute;n obtenida a trav&eacute;s del Sitio Web, sin necesidad de previo aviso. El Titular no es responsable de los da&ntilde;os y perjuicios que pudieran derivarse de la utilizaci&oacute;n de la informaci&oacute;n del Sitio Web.<\/span><\/p>\n<h2><span dir=\"auto\">Pol&iacute;tica de cookies<\/span><\/h2>\n<p><span dir=\"auto\">El Titular obtiene y conserva la siguiente informaci&oacute;n sobre los visitantes del Sitio Web:<\/span><\/p>\n<ul>\n<li><span dir=\"auto\">El nombre de dominio del proveedor (PSI) y\/o direcci&oacute;n IP que les da acceso a la red.<\/span><\/li>\n<li><span dir=\"auto\">Fecha y hora de acceso al sitio web.<\/span><\/li>\n<li><span dir=\"auto\">La direcci&oacute;n de Internet origen del enlace que dirige al sitio web.<\/span><\/li>\n<li><span dir=\"auto\">El n&uacute;mero de visitantes diarios de cada secci&oacute;n.<\/span><\/li>\n<li><span dir=\"auto\">La informaci&oacute;n obtenida es totalmente an&oacute;nima, y &#8203;&#8203;en ning&uacute;n caso puede ser asociada a un Usuario concreto e identificado.<\/span><\/li>\n<\/ul>\n<h2><span dir=\"auto\">Enlaces a otros sitios web<\/span><\/h2>\n<p><span dir=\"auto\">El Titular puede proporcionarle acceso a sitios web de terceros mediante enlaces con la finalidad exclusiva de informar sobre la existencia de otras fuentes de informaci&oacute;n en Internet donde podr&aacute; ampliar los datos ofrecidos en el Sitio Web. Estos enlaces a otros sitios web no suponen en ning&uacute;n caso una sugerencia o recomendaci&oacute;n para que visite las p&aacute;ginas web de destino, que est&aacute;n fuera del control del Titular, por lo que el Titular no es responsable del contenido de los sitios web vinculados ni del resultado que obtenga al seguir los enlaces. Asimismo, el Titular no responde de los links o enlaces ubicados en los sitios web vinculados a los que le proporciona acceso. El establecimiento del enlace no implica en ning&uacute;n caso la existencia de relaciones entre el titular y el propietario del sitio donde se establezca el enlace, ni la aceptaci&oacute;n o aprobaci&oacute;n por parte del titular de sus contenidos o servicios. Si accede a un sitio web externo desde un enlace que encuentra en el Sitio Web, debe leer la propia pol&iacute;tica de privacidad del otro sitio web que puede ser diferente a la de este sitio web.<\/span><\/p>\n<h2><span dir=\"auto\">Propiedad intelectual e industrial<\/span><\/h2>\n<p><span dir=\"auto\">Todos los derechos est&aacute;n reservados. Todo acceso a este Sitio Web est&aacute; sujeto a las siguientes condiciones: la reproducci&oacute;n, almacenamiento permanente y la difusi&oacute;n de los contenidos o cualquier otro uso que tenga finalidad p&uacute;blica o comercial queda expresamente prohibida sin el consentimiento previo expreso y por escrito del Titular.<\/span><\/p>\n<h2><span dir=\"auto\">Limitaci&oacute;n de responsabilidad<\/span><\/h2>\n<p><span dir=\"auto\">El Titular declina cualquier responsabilidad en caso de que existan interrupciones o un mal funcionamiento de los servicios o contenidos ofrecidos en Internet, cualquiera que sea su causa. Asimismo, el Titular no se hace responsable por ca&iacute;das de la red, p&eacute;rdidas de negocio a consecuencia de dichas ca&iacute;das, suspensiones temporales de fluido el&eacute;ctrico o cualquier otro tipo de da&ntilde;o indirecto que pueda causarte por causas ajenas al Titular. Antes de tomar decisiones y\/o acciones en base a la informaci&oacute;n incluida en el Sitio Web, el Titular le recomienda comprobar y contrastar la informaci&oacute;n recibida con otras fuentes.<\/span><\/p>\n<h2><span dir=\"auto\">Jurisdicci&oacute;n<\/span><\/h2>\n<p><span dir=\"auto\">Este Aviso Legal se rige &iacute;ntegramente por la legislaci&oacute;n espa&ntilde;ola.<\/span><\/p>\n<h2><span dir=\"auto\">Contacto<\/span><\/h2>\n<p><span dir=\"auto\">En caso de que tenga cualquier duda sobre este Aviso Legal o desee realizar cualquier comentario sobre el Sitio Web, puede enviar un mensaje de correo electr&oacute;nico a la direcci&oacute;n: romero@aaup.cat<\/span>[\/vc_column_text][\/vc_column][\/vc_row][vc_row][vc_column][vc_single_image image=&raquo;320&Prime; img_size=&raquo;full&raquo; alignment=&raquo;center&raquo;][\/vc_column][\/vc_row][\/vc_section]<\/p>\n<\/body><\/html>\n<\/div>","protected":false},"excerpt":{"rendered":"[vc_section][vc_row][vc_column][vc_column_text] Identificaci&oacute;n y Titularidad En cumplimiento del art&iacute;culo 10 de la Ley 34\/2002, de 11 de julio, de servicios de la Sociedad de la Informaci&oacute;n y Comercio Electr&oacute;nico, el Titular expone sus datos identificativos: Titular:&nbsp;AAUP ARQUITECTOS SLP NIF:&nbsp;B64788359 Domicilio:&nbsp;C&oacute;rcega 295, 08025, Barcelona &ndash; Espa&ntilde;a. Correo electr&oacute;nico:&nbsp;romero@aaup.cat Tel&eacute;fono de contacto:&nbsp;+34.933105413 Sitio Web:&nbsp;&nbsp;https:\/\/www.aaup.cat\/ Finalidad La finalidad del&#8230; <p><a class=\"view-article btn btn-secondary\" href=\"https:\/\/aaup.really.ovh\/es\/aviso-legal\/\" role=\"button\">Leer m\u00e1s <\/a><\/p>","protected":false},"author":1,"featured_media":0,"parent":0,"menu_order":0,"comment_status":"closed","ping_status":"closed","template":"","meta":{"inline_featured_image":false,"footnotes":""},"class_list":["post-1816","page","type-page","status-publish","hentry"],"yoast_head":"<!-- This site is optimized with the Yoast SEO plugin v26.5 - https:\/\/yoast.com\/wordpress\/plugins\/seo\/ -->\n<title>Aviso legal - AAUP<\/title>\n<meta name=\"robots\" content=\"noindex, follow, max-snippet:-1, max-image-preview:large, max-video-preview:-1\" \/>\n<meta property=\"og:locale\" content=\"es_ES\" \/>\n<meta property=\"og:type\" content=\"article\" \/>\n<meta property=\"og:title\" content=\"Aviso legal - AAUP\" \/>\n<meta property=\"og:description\" content=\"[vc_section][vc_row][vc_column][vc_column_text] Identificaci&oacute;n y Titularidad En cumplimiento del art&iacute;culo 10 de la Ley 34\/2002, de 11 de julio, de servicios de la Sociedad de la Informaci&oacute;n y Comercio Electr&oacute;nico, el Titular expone sus datos identificativos: Titular:&nbsp;AAUP ARQUITECTOS SLP NIF:&nbsp;B64788359 Domicilio:&nbsp;C&oacute;rcega 295, 08025, Barcelona &ndash; Espa&ntilde;a. Correo electr&oacute;nico:&nbsp;romero@aaup.cat Tel&eacute;fono de contacto:&nbsp;+34.933105413 Sitio Web:&nbsp;&nbsp;https:\/\/www.aaup.cat\/ Finalidad La finalidad del... Leer m\u00e1s\" \/>\n<meta property=\"og:url\" content=\"https:\/\/aaup.really.ovh\/es\/aviso-legal\/\" \/>\n<meta property=\"og:site_name\" content=\"AAUP\" \/>\n<meta property=\"article:modified_time\" content=\"2026-01-07T18:30:25+00:00\" \/>\n<meta name=\"twitter:card\" content=\"summary_large_image\" \/>\n<meta name=\"twitter:label1\" content=\"Tiempo de lectura\" \/>\n\t<meta name=\"twitter:data1\" content=\"6 minutos\" \/>\n<script type=\"application\/ld+json\" class=\"yoast-schema-graph\">{\"@context\":\"https:\/\/schema.org\",\"@graph\":[{\"@type\":\"WebPage\",\"@id\":\"https:\/\/aaup.really.ovh\/es\/aviso-legal\/\",\"url\":\"https:\/\/aaup.really.ovh\/es\/aviso-legal\/\",\"name\":\"Aviso legal - AAUP\",\"isPartOf\":{\"@id\":\"https:\/\/aaup.really.ovh\/es\/#website\"},\"datePublished\":\"2023-06-27T22:49:56+00:00\",\"dateModified\":\"2026-01-07T18:30:25+00:00\",\"breadcrumb\":{\"@id\":\"https:\/\/aaup.really.ovh\/es\/aviso-legal\/#breadcrumb\"},\"inLanguage\":\"es\",\"potentialAction\":[{\"@type\":\"ReadAction\",\"target\":[\"https:\/\/aaup.really.ovh\/es\/aviso-legal\/\"]}]},{\"@type\":\"BreadcrumbList\",\"@id\":\"https:\/\/aaup.really.ovh\/es\/aviso-legal\/#breadcrumb\",\"itemListElement\":[{\"@type\":\"ListItem\",\"position\":1,\"name\":\"Home\",\"item\":\"https:\/\/aaup.really.ovh\/es\/destacados\/\"},{\"@type\":\"ListItem\",\"position\":2,\"name\":\"Aviso legal\"}]},{\"@type\":\"WebSite\",\"@id\":\"https:\/\/aaup.really.ovh\/es\/#website\",\"url\":\"https:\/\/aaup.really.ovh\/es\/\",\"name\":\"AAUP\",\"description\":\"Planificaci\u00f3 i la gesti\u00f3 urban\u00edstica\",\"potentialAction\":[{\"@type\":\"SearchAction\",\"target\":{\"@type\":\"EntryPoint\",\"urlTemplate\":\"https:\/\/aaup.really.ovh\/es\/?s={search_term_string}\"},\"query-input\":{\"@type\":\"PropertyValueSpecification\",\"valueRequired\":true,\"valueName\":\"search_term_string\"}}],\"inLanguage\":\"es\"}]}<\/script>\n<!-- \/ Yoast SEO plugin. -->","yoast_head_json":{"title":"Aviso legal - AAUP","robots":{"index":"noindex","follow":"follow","max-snippet":"max-snippet:-1","max-image-preview":"max-image-preview:large","max-video-preview":"max-video-preview:-1"},"og_locale":"es_ES","og_type":"article","og_title":"Aviso legal - AAUP","og_description":"[vc_section][vc_row][vc_column][vc_column_text] Identificaci&oacute;n y Titularidad En cumplimiento del art&iacute;culo 10 de la Ley 34\/2002, de 11 de julio, de servicios de la Sociedad de la Informaci&oacute;n y Comercio Electr&oacute;nico, el Titular expone sus datos identificativos: Titular:&nbsp;AAUP ARQUITECTOS SLP NIF:&nbsp;B64788359 Domicilio:&nbsp;C&oacute;rcega 295, 08025, Barcelona &ndash; Espa&ntilde;a. Correo electr&oacute;nico:&nbsp;romero@aaup.cat Tel&eacute;fono de contacto:&nbsp;+34.933105413 Sitio Web:&nbsp;&nbsp;https:\/\/www.aaup.cat\/ Finalidad La finalidad del... Leer m\u00e1s","og_url":"https:\/\/aaup.really.ovh\/es\/aviso-legal\/","og_site_name":"AAUP","article_modified_time":"2026-01-07T18:30:25+00:00","twitter_card":"summary_large_image","twitter_misc":{"Tiempo de lectura":"6 minutos"},"schema":{"@context":"https:\/\/schema.org","@graph":[{"@type":"WebPage","@id":"https:\/\/aaup.really.ovh\/es\/aviso-legal\/","url":"https:\/\/aaup.really.ovh\/es\/aviso-legal\/","name":"Aviso legal - AAUP","isPartOf":{"@id":"https:\/\/aaup.really.ovh\/es\/#website"},"datePublished":"2023-06-27T22:49:56+00:00","dateModified":"2026-01-07T18:30:25+00:00","breadcrumb":{"@id":"https:\/\/aaup.really.ovh\/es\/aviso-legal\/#breadcrumb"},"inLanguage":"es","potentialAction":[{"@type":"ReadAction","target":["https:\/\/aaup.really.ovh\/es\/aviso-legal\/"]}]},{"@type":"BreadcrumbList","@id":"https:\/\/aaup.really.ovh\/es\/aviso-legal\/#breadcrumb","itemListElement":[{"@type":"ListItem","position":1,"name":"Home","item":"https:\/\/aaup.really.ovh\/es\/destacados\/"},{"@type":"ListItem","position":2,"name":"Aviso legal"}]},{"@type":"WebSite","@id":"https:\/\/aaup.really.ovh\/es\/#website","url":"https:\/\/aaup.really.ovh\/es\/","name":"AAUP","description":"Planificaci\u00f3 i la gesti\u00f3 urban\u00edstica","potentialAction":[{"@type":"SearchAction","target":{"@type":"EntryPoint","urlTemplate":"https:\/\/aaup.really.ovh\/es\/?s={search_term_string}"},"query-input":{"@type":"PropertyValueSpecification","valueRequired":true,"valueName":"search_term_string"}}],"inLanguage":"es"}]}},"_links":{"self":[{"href":"https:\/\/aaup.really.ovh\/es\/wp-json\/wp\/v2\/pages\/1816","targetHints":{"allow":["GET"]}}],"collection":[{"href":"https:\/\/aaup.really.ovh\/es\/wp-json\/wp\/v2\/pages"}],"about":[{"href":"https:\/\/aaup.really.ovh\/es\/wp-json\/wp\/v2\/types\/page"}],"author":[{"embeddable":true,"href":"https:\/\/aaup.really.ovh\/es\/wp-json\/wp\/v2\/users\/1"}],"replies":[{"embeddable":true,"href":"https:\/\/aaup.really.ovh\/es\/wp-json\/wp\/v2\/comments?post=1816"}],"version-history":[{"count":2,"href":"https:\/\/aaup.really.ovh\/es\/wp-json\/wp\/v2\/pages\/1816\/revisions"}],"predecessor-version":[{"id":1819,"href":"https:\/\/aaup.really.ovh\/es\/wp-json\/wp\/v2\/pages\/1816\/revisions\/1819"}],"wp:attachment":[{"href":"https:\/\/aaup.really.ovh\/es\/wp-json\/wp\/v2\/media?parent=1816"}],"curies":[{"name":"wp","href":"https:\/\/api.w.org\/{rel}","templated":true}]}}