{"id":1813,"date":"2023-06-28T00:49:40","date_gmt":"2023-06-27T22:49:40","guid":{"rendered":"https:\/\/aaup.really.ovh\/politica-de-cookies\/"},"modified":"2026-01-07T19:29:26","modified_gmt":"2026-01-07T18:29:26","slug":"politica-de-cookies","status":"publish","type":"page","link":"https:\/\/aaup.really.ovh\/es\/politica-de-cookies\/","title":{"rendered":"Pol\u00edtica de Cookies"},"content":{"rendered":"<div class=\"wpb-content-wrapper\"><!DOCTYPE html PUBLIC \"-\/\/W3C\/\/DTD HTML 4.0 Transitional\/\/EN\" \"http:\/\/www.w3.org\/TR\/REC-html40\/loose.dtd\">\n<html><body><p>[vc_section][vc_row][vc_column][vc_column_text]<\/p>\n<h2>&iquest;Qu&eacute; son las cookies?<\/h2>\n<p>En ingl&eacute;s, el t&eacute;rmino &laquo;cookie&raquo; significa galleta, pero en el &aacute;mbito de la navegaci&oacute;n web, una &laquo;cookie&raquo; es algo completamente distinto. Cuando accede a nuestro Sitio Web, en el navegador de su dispositivo se almacena una peque&ntilde;a cantidad de texto que se denomina &laquo;cookie&raquo;. Este texto contiene informaci&oacute;n variada sobre su navegaci&oacute;n, h&aacute;bitos, preferencias, personalizaciones de contenidos, etc&hellip;<\/p>\n<p>Existen otras tecnolog&iacute;as que funcionan de manera similar y que tambi&eacute;n se usan para recopilar datos sobre tu actividad de navegaci&oacute;n. Llamaremos &laquo;cookies&raquo; a todas estas tecnolog&iacute;as en su conjunto.<\/p>\n<p>Los usos concretos que hacemos de estas tecnolog&iacute;as se describen en el presente documento.<\/p>\n<h2>&iquest;Para qu&eacute; se utilizan las cookies en esta web?<\/h2>\n<p>Las cookies son una parte esencial de c&oacute;mo funciona el Sitio Web. El objetivo principal de nuestras cookies es mejorar su experiencia en la navegaci&oacute;n. Por ejemplo, para recordar sus preferencias (idioma, pa&iacute;s, etc.) durante la navegaci&oacute;n y en futuras visitas. La informaci&oacute;n recogida en las cookies nos permite adem&aacute;s mejorar la web, adaptarla a sus intereses como usuario, acelerar las b&uacute;squedas que realice, etc..<\/p>\n<p>En determinados casos, si hemos obtenido su previo consentimiento informado, podremos utilizar cookies para otros usos, como por ejemplo para obtener informaci&oacute;n que nos permita mostrarle publicidad basada en el an&aacute;lisis de sus h&aacute;bitos de navegaci&oacute;n.<\/p>\n<h2>&iquest;Para qu&eacute; NO se utilizan las cookies en esta web?<\/h2>\n<p>En las cookies que utilizamos no se almacena informaci&oacute;n sensible de identificaci&oacute;n personal como su nombre, direcci&oacute;n, tu contrase&ntilde;a, etc&hellip;<\/p>\n<h2>&iquest;Qui&eacute;n utiliza la informaci&oacute;n almacenada en las cookies?<\/h2>\n<p>La informaci&oacute;n almacenada en las cookies de nuestro Sitio Web es utilizada exclusivamente por nosotros, a excepci&oacute;n de aquellas identificadas m&aacute;s adelante como &laquo;cookie de terceros&raquo;, que son utilizadas y gestionadas por entidades externas que nos proporcionan servicios que mejoran la experiencia del usuario. Por ejemplo las estad&iacute;sticas que se recogen sobre el n&uacute;mero de visitas, el contenido que m&aacute;s gusta, etc&hellip;<\/p>\n<h2>&iquest;C&oacute;mo puede evitar el uso de cookies en este Sitio Web?<\/h2>\n<p>Si prefiere evitar el uso de las cookies, puede RECHAZAR su uso o puede CONFIGURAR las que quiere evitar y las que permite utilizar (en este documento le damos informaci&oacute;n ampliada al respecto de cada tipo de cookie, su finalidad, destinatario, temporalidad, etc&hellip; ).<\/p>\n<p>Si las ha aceptado, no volveremos a preguntarle a menos que borre las cookies en su dispositivo seg&uacute;n se indica en el apartado siguiente. Si quiere revocar el consentimiento tendr&aacute; que eliminar las cookies y volver a configurarlas.<\/p>\n<h2>&iquest;C&oacute;mo deshabilito y elimino la utilizaci&oacute;n de cookies?<\/h2>\n<p>Para restringir, bloquear o borrar las cookies de este Sitio Web (y las usada por terceros) puede hacerlo, en cualquier momento, modificando la configuraci&oacute;n de su navegador. Tenga en cuenta que esta configuraci&oacute;n es diferente en cada navegador.<\/p>\n<p>En los siguientes enlaces encontrar&aacute; instrucciones para habilitar o deshabilitar las cookies en los navegadores m&aacute;s comunes.<\/p>\n<ul>\n<li><a href=\"http:\/\/support.mozilla.org\/es\/kb\/habilitar-y-deshabilitar-cookies-que-los-sitios-we\">Firefox<\/a><\/li>\n<li><a href=\"https:\/\/support.google.com\/chrome\/answer\/95647?hl=es\">Google Chrome<\/a><\/li>\n<li><a href=\"https:\/\/support.microsoft.com\/es-es\/help\/17442\/windows-internet-explorer-delete-manage-cookies#ie=%22ie-10\">Internet Explorer<\/a><\/li>\n<li><a href=\"https:\/\/support.microsoft.com\/es-es\/help\/4468242\/microsoft-edge-browsing-data-and-privacy\">Microsoft Edge<\/a><\/li>\n<li><a href=\"http:\/\/support.apple.com\/kb\/HT1677?viewlocale=es_ES\">Safari<\/a><\/li>\n<\/ul>\n<h2>&iquest;Qu&eacute; tipos de cookies se utilizan en esta p&aacute;gina web?<\/h2>\n<p>Cada p&aacute;gina web utiliza sus propias cookies. En nuestra web utilizamos las que se indican a continuaci&oacute;n:<\/p>\n<p><strong>SEG&Uacute;N LA ENTIDAD QUE LO GESTIONA<\/strong><\/p>\n<p><strong>Cookies propias:<\/strong><\/p>\n<p>Son aquellas que se env&iacute;an al equipo terminal del Usuario desde un equipo o dominio gestionado por el propio editor y desde el que se presta el servicio solicitado por el Usuario.<\/p>\n<p><strong>Cookies de terceros:<\/strong><\/p>\n<p>Son aquellas que se env&iacute;an al equipo terminal del Usuario desde un equipo o dominio que no es gestionado por el editor, sino por otra entidad que trata los datos obtenidos trav&eacute;s de las cookies.<\/p>\n<p>En el caso de que las cookies sean servidas desde un equipo o dominio gestionado por el propio editor, pero la informaci&oacute;n que se recoja mediante estas sea gestionada por un tercero, no pueden ser consideradas como cookies propias si el tercero las utiliza para sus propias finalidades (por ejemplo, la mejora de los servicios que presta o la prestaci&oacute;n de servicios de car&aacute;cter publicitario a favor de otras entidades).<\/p>\n<p><strong>SEG&Uacute;N SU FINALIDAD<\/strong><\/p>\n<p><strong>Cookies t&eacute;cnicas:<\/strong><\/p>\n<p>Son aquellas necesarias para la navegaci&oacute;n y el buen funcionamiento de nuestro Sitio Web, como por ejemplo, controlar el tr&aacute;fico y la comunicaci&oacute;n de datos, identificar la sesi&oacute;n, acceder a partes de acceso restringido, realizar la solicitud de inscripci&oacute;n o participaci&oacute;n en un evento, contar visitas a efectos de la facturaci&oacute;n de licencias del software con el que funciona el servicio del Sitio Web, utilizar elementos de seguridad durante la navegaci&oacute;n, almacenar contenidos para la difusi&oacute;n de v&iacute;deos o sonido, habilitar contenidos din&aacute;micos (por ejemplo, animaci&oacute;n de carga de un texto o imagen).<\/p>\n<p><strong>Cookies de an&aacute;lisis:<\/strong><\/p>\n<p>Permiten cuantificar el n&uacute;mero de usuarios y as&iacute; realizar la medici&oacute;n y an&aacute;lisis estad&iacute;stico de la utilizaci&oacute;n que hacen los usuarios del Sitio Web.<\/p>\n<p><strong>Cookies de preferencias o personalizaci&oacute;n:<\/strong><\/p>\n<p>Son aquellas que permiten recordar informaci&oacute;n para que el Usuario acceda al servicio con determinadas caracter&iacute;sticas que pueden diferenciar su experiencia de la de otros usuarios, como, por ejemplo, el idioma, el n&uacute;mero de resultados a mostrar cuando el Usuario realiza una b&uacute;squeda, el aspecto o contenido del servicio en funci&oacute;n del tipo de navegador a trav&eacute;s del cual el Usuario accede al servicio o de la regi&oacute;n desde la que accede al servicio, etc.<\/p>\n<p><strong>SEG&Uacute;N EL PLAZO DE TIEMPO QUE PERMANECEN ACTIVADAS<\/strong><\/p>\n<p><strong>Cookies de sesi&oacute;n:<\/strong><\/p>\n<p>Son aquellas dise&ntilde;adas para recabar y almacenar datos mientras el Usuario accede a una p&aacute;gina web.<\/p>\n<p>Se suelen emplear para almacenar informaci&oacute;n que solo interesa conservar para la prestaci&oacute;n del servicio solicitado por el Usuario en una sola ocasi&oacute;n (por ejemplo, una lista de productos adquiridos) y desaparecen al terminar la sesi&oacute;n.<\/p>\n<p><strong>Cookies persistentes:<\/strong><\/p>\n<p>Son aquellas en las que los datos siguen almacenados en el terminal y pueden ser accedidos y tratados durante un periodo definido por el responsable de la cookie, y que puede ir de unos minutos a varios a&ntilde;os. A este respecto debe valorarse espec&iacute;ficamente si es necesaria la utilizaci&oacute;n de cookies persistentes, puesto que los riesgos para la privacidad podr&iacute;an reducirse mediante la utilizaci&oacute;n de cookies de sesi&oacute;n. En todo caso, cuando se instalen cookies persistentes, se recomienda reducir al m&iacute;nimo necesario su duraci&oacute;n temporal atendiendo a la finalidad de su uso. A estos efectos, el Dictamen 4\/2012 del GT29 indic&oacute; que para que una cookie pueda estar exenta del deber de consentimiento informado, su caducidad debe estar relacionada con su finalidad. Debido a ello, es mucho m&aacute;s probable que se consideren como exceptuadas las cookies de sesi&oacute;n que las persistentes.[\/vc_column_text][\/vc_column][\/vc_row][\/vc_section]<\/p>\n<\/body><\/html>\n<\/div>","protected":false},"excerpt":{"rendered":"[vc_section][vc_row][vc_column][vc_column_text] &iquest;Qu&eacute; son las cookies? En ingl&eacute;s, el t&eacute;rmino &laquo;cookie&raquo; significa galleta, pero en el &aacute;mbito de la navegaci&oacute;n web, una &laquo;cookie&raquo; es algo completamente distinto. Cuando accede a nuestro Sitio Web, en el navegador de su dispositivo se almacena una peque&ntilde;a cantidad de texto que se denomina &laquo;cookie&raquo;. Este texto contiene informaci&oacute;n variada sobre&#8230; <p><a class=\"view-article btn btn-secondary\" href=\"https:\/\/aaup.really.ovh\/es\/politica-de-cookies\/\" role=\"button\">Leer m\u00e1s <\/a><\/p>","protected":false},"author":1,"featured_media":0,"parent":0,"menu_order":0,"comment_status":"closed","ping_status":"closed","template":"","meta":{"inline_featured_image":false,"footnotes":""},"class_list":["post-1813","page","type-page","status-publish","hentry"],"yoast_head":"<!-- This site is optimized with the Yoast SEO plugin v26.5 - https:\/\/yoast.com\/wordpress\/plugins\/seo\/ -->\n<title>Pol\u00edtica de Cookies - AAUP<\/title>\n<meta name=\"robots\" content=\"noindex, follow, max-snippet:-1, max-image-preview:large, max-video-preview:-1\" \/>\n<meta property=\"og:locale\" content=\"es_ES\" \/>\n<meta property=\"og:type\" content=\"article\" \/>\n<meta property=\"og:title\" content=\"Pol\u00edtica de Cookies - AAUP\" \/>\n<meta property=\"og:description\" content=\"[vc_section][vc_row][vc_column][vc_column_text] &iquest;Qu&eacute; son las cookies? En ingl&eacute;s, el t&eacute;rmino &laquo;cookie&raquo; significa galleta, pero en el &aacute;mbito de la navegaci&oacute;n web, una &laquo;cookie&raquo; es algo completamente distinto. Cuando accede a nuestro Sitio Web, en el navegador de su dispositivo se almacena una peque&ntilde;a cantidad de texto que se denomina &laquo;cookie&raquo;. Este texto contiene informaci&oacute;n variada sobre... Leer m\u00e1s\" \/>\n<meta property=\"og:url\" content=\"https:\/\/aaup.really.ovh\/es\/politica-de-cookies\/\" \/>\n<meta property=\"og:site_name\" content=\"AAUP\" \/>\n<meta property=\"article:modified_time\" content=\"2026-01-07T18:29:26+00:00\" \/>\n<meta name=\"twitter:card\" content=\"summary_large_image\" \/>\n<meta name=\"twitter:label1\" content=\"Tiempo de lectura\" \/>\n\t<meta name=\"twitter:data1\" content=\"6 minutos\" \/>\n<script type=\"application\/ld+json\" class=\"yoast-schema-graph\">{\"@context\":\"https:\/\/schema.org\",\"@graph\":[{\"@type\":\"WebPage\",\"@id\":\"https:\/\/aaup.really.ovh\/es\/politica-de-cookies\/\",\"url\":\"https:\/\/aaup.really.ovh\/es\/politica-de-cookies\/\",\"name\":\"Pol\u00edtica de Cookies - AAUP\",\"isPartOf\":{\"@id\":\"https:\/\/aaup.really.ovh\/es\/#website\"},\"datePublished\":\"2023-06-27T22:49:40+00:00\",\"dateModified\":\"2026-01-07T18:29:26+00:00\",\"breadcrumb\":{\"@id\":\"https:\/\/aaup.really.ovh\/es\/politica-de-cookies\/#breadcrumb\"},\"inLanguage\":\"es\",\"potentialAction\":[{\"@type\":\"ReadAction\",\"target\":[\"https:\/\/aaup.really.ovh\/es\/politica-de-cookies\/\"]}]},{\"@type\":\"BreadcrumbList\",\"@id\":\"https:\/\/aaup.really.ovh\/es\/politica-de-cookies\/#breadcrumb\",\"itemListElement\":[{\"@type\":\"ListItem\",\"position\":1,\"name\":\"Home\",\"item\":\"https:\/\/aaup.really.ovh\/es\/destacados\/\"},{\"@type\":\"ListItem\",\"position\":2,\"name\":\"Pol\u00edtica de Cookies\"}]},{\"@type\":\"WebSite\",\"@id\":\"https:\/\/aaup.really.ovh\/es\/#website\",\"url\":\"https:\/\/aaup.really.ovh\/es\/\",\"name\":\"AAUP\",\"description\":\"Planificaci\u00f3 i la gesti\u00f3 urban\u00edstica\",\"potentialAction\":[{\"@type\":\"SearchAction\",\"target\":{\"@type\":\"EntryPoint\",\"urlTemplate\":\"https:\/\/aaup.really.ovh\/es\/?s={search_term_string}\"},\"query-input\":{\"@type\":\"PropertyValueSpecification\",\"valueRequired\":true,\"valueName\":\"search_term_string\"}}],\"inLanguage\":\"es\"}]}<\/script>\n<!-- \/ Yoast SEO plugin. -->","yoast_head_json":{"title":"Pol\u00edtica de Cookies - AAUP","robots":{"index":"noindex","follow":"follow","max-snippet":"max-snippet:-1","max-image-preview":"max-image-preview:large","max-video-preview":"max-video-preview:-1"},"og_locale":"es_ES","og_type":"article","og_title":"Pol\u00edtica de Cookies - AAUP","og_description":"[vc_section][vc_row][vc_column][vc_column_text] &iquest;Qu&eacute; son las cookies? En ingl&eacute;s, el t&eacute;rmino &laquo;cookie&raquo; significa galleta, pero en el &aacute;mbito de la navegaci&oacute;n web, una &laquo;cookie&raquo; es algo completamente distinto. Cuando accede a nuestro Sitio Web, en el navegador de su dispositivo se almacena una peque&ntilde;a cantidad de texto que se denomina &laquo;cookie&raquo;. Este texto contiene informaci&oacute;n variada sobre... Leer m\u00e1s","og_url":"https:\/\/aaup.really.ovh\/es\/politica-de-cookies\/","og_site_name":"AAUP","article_modified_time":"2026-01-07T18:29:26+00:00","twitter_card":"summary_large_image","twitter_misc":{"Tiempo de lectura":"6 minutos"},"schema":{"@context":"https:\/\/schema.org","@graph":[{"@type":"WebPage","@id":"https:\/\/aaup.really.ovh\/es\/politica-de-cookies\/","url":"https:\/\/aaup.really.ovh\/es\/politica-de-cookies\/","name":"Pol\u00edtica de Cookies - AAUP","isPartOf":{"@id":"https:\/\/aaup.really.ovh\/es\/#website"},"datePublished":"2023-06-27T22:49:40+00:00","dateModified":"2026-01-07T18:29:26+00:00","breadcrumb":{"@id":"https:\/\/aaup.really.ovh\/es\/politica-de-cookies\/#breadcrumb"},"inLanguage":"es","potentialAction":[{"@type":"ReadAction","target":["https:\/\/aaup.really.ovh\/es\/politica-de-cookies\/"]}]},{"@type":"BreadcrumbList","@id":"https:\/\/aaup.really.ovh\/es\/politica-de-cookies\/#breadcrumb","itemListElement":[{"@type":"ListItem","position":1,"name":"Home","item":"https:\/\/aaup.really.ovh\/es\/destacados\/"},{"@type":"ListItem","position":2,"name":"Pol\u00edtica de Cookies"}]},{"@type":"WebSite","@id":"https:\/\/aaup.really.ovh\/es\/#website","url":"https:\/\/aaup.really.ovh\/es\/","name":"AAUP","description":"Planificaci\u00f3 i la gesti\u00f3 urban\u00edstica","potentialAction":[{"@type":"SearchAction","target":{"@type":"EntryPoint","urlTemplate":"https:\/\/aaup.really.ovh\/es\/?s={search_term_string}"},"query-input":{"@type":"PropertyValueSpecification","valueRequired":true,"valueName":"search_term_string"}}],"inLanguage":"es"}]}},"_links":{"self":[{"href":"https:\/\/aaup.really.ovh\/es\/wp-json\/wp\/v2\/pages\/1813","targetHints":{"allow":["GET"]}}],"collection":[{"href":"https:\/\/aaup.really.ovh\/es\/wp-json\/wp\/v2\/pages"}],"about":[{"href":"https:\/\/aaup.really.ovh\/es\/wp-json\/wp\/v2\/types\/page"}],"author":[{"embeddable":true,"href":"https:\/\/aaup.really.ovh\/es\/wp-json\/wp\/v2\/users\/1"}],"replies":[{"embeddable":true,"href":"https:\/\/aaup.really.ovh\/es\/wp-json\/wp\/v2\/comments?post=1813"}],"version-history":[{"count":2,"href":"https:\/\/aaup.really.ovh\/es\/wp-json\/wp\/v2\/pages\/1813\/revisions"}],"predecessor-version":[{"id":1815,"href":"https:\/\/aaup.really.ovh\/es\/wp-json\/wp\/v2\/pages\/1813\/revisions\/1815"}],"wp:attachment":[{"href":"https:\/\/aaup.really.ovh\/es\/wp-json\/wp\/v2\/media?parent=1813"}],"curies":[{"name":"wp","href":"https:\/\/api.w.org\/{rel}","templated":true}]}}