{"id":1777,"date":"2023-06-28T00:35:18","date_gmt":"2023-06-27T22:35:18","guid":{"rendered":"https:\/\/aaup.really.ovh\/destacados\/"},"modified":"2025-12-16T20:37:00","modified_gmt":"2025-12-16T19:37:00","slug":"destacados","status":"publish","type":"page","link":"https:\/\/aaup.really.ovh\/es\/","title":{"rendered":"Destacados"},"content":{"rendered":"<div class=\"wpb-content-wrapper\"><!DOCTYPE html PUBLIC \"-\/\/W3C\/\/DTD HTML 4.0 Transitional\/\/EN\" \"http:\/\/www.w3.org\/TR\/REC-html40\/loose.dtd\">\n<html><body><p>[vc_section][vc_row][vc_column]<div class=\"row\">\r\n    <div class=\"col\">\r\n        <div class=\"masonry-filter\">\r\n                    <\/div>\r\n    <\/div>\r\n<\/div>\r\n\r\n    <div class=\"masonry featured-projects mt-3 mt-md-4 mt-lg-5\">\r\n                    \r\n<div class=\"masonry-item\" data-tags=\"ciudad\">\r\n    <article id=\"post-1765\">\r\n        <div class=\"position-relative mb-0\">\r\n             <a href=\"https:\/\/aaup.really.ovh\/es\/proyectos\/avance-del-plan-de-ordenacion-urbanistica-municipal-de-calaf\/\">                 <img decoding=\"async\" src=\"https:\/\/aaup.really.ovh\/wp-content\/uploads\/2025\/12\/Av-POUM-Calaf-1-768x606.webp\" class=\"img-fluid w-100\" alt=\"Avance del Plan de ordenaci\u00f3n urban\u00edstica municipal de Calaf\" \/>             <\/a>         <\/div>\r\n        <h2 class=\"mt-0 mt-md-2 mb-2 mb-lg-5\">\r\n             <a href=\"https:\/\/aaup.really.ovh\/es\/proyectos\/avance-del-plan-de-ordenacion-urbanistica-municipal-de-calaf\/\">                 Avance del Plan de ordenaci\u00f3n urban\u00edstica municipal de Calaf             <\/a>         <\/h2>\r\n    <\/article>\r\n<\/div>\r\n                    \r\n<div class=\"masonry-item\" data-tags=\"ciudad\">\r\n    <article id=\"post-1754\">\r\n        <div class=\"position-relative mb-0\">\r\n             <a href=\"https:\/\/aaup.really.ovh\/es\/proyectos\/plan-de-ordenacion-urbanistica-municipal-de-creixell\/\">                 <img decoding=\"async\" src=\"https:\/\/aaup.really.ovh\/wp-content\/uploads\/2025\/12\/POUM-Creixell-1-1-768x608.webp\" class=\"img-fluid w-100\" alt=\"Plan de ordenaci\u00f3n urban\u00edstica municipal de Creixell\" \/>             <\/a>         <\/div>\r\n        <h2 class=\"mt-0 mt-md-2 mb-2 mb-lg-5\">\r\n             <a href=\"https:\/\/aaup.really.ovh\/es\/proyectos\/plan-de-ordenacion-urbanistica-municipal-de-creixell\/\">                 Plan de ordenaci\u00f3n urban\u00edstica municipal de Creixell             <\/a>         <\/h2>\r\n    <\/article>\r\n<\/div>\r\n                    \r\n<div class=\"masonry-item\" data-tags=\"paisaje proyecto-urbano\">\r\n    <article id=\"post-1748\">\r\n        <div class=\"position-relative mb-0\">\r\n             <a href=\"https:\/\/aaup.really.ovh\/es\/proyectos\/parque-deportivo-de-creixell\/\">                 <img decoding=\"async\" src=\"https:\/\/aaup.really.ovh\/wp-content\/uploads\/2024\/03\/IMG_8377-768x1024.jpeg\" class=\"img-fluid w-100\" alt=\"Parque deportivo de Creixell\" \/>             <\/a>         <\/div>\r\n        <h2 class=\"mt-0 mt-md-2 mb-2 mb-lg-5\">\r\n             <a href=\"https:\/\/aaup.really.ovh\/es\/proyectos\/parque-deportivo-de-creixell\/\">                 Parque deportivo de Creixell             <\/a>         <\/h2>\r\n    <\/article>\r\n<\/div>\r\n                    \r\n<div class=\"masonry-item\" data-tags=\"ciudad proyecto-urbano\">\r\n    <article id=\"post-1716\">\r\n        <div class=\"position-relative mb-0\">\r\n             <a href=\"https:\/\/aaup.really.ovh\/es\/proyectos\/modificacion-puntual-del-poum-pmu-relativo-al-sector-1-en-el-municipio-de-sant-antoni-de-vilamajor\/\">                 <img decoding=\"async\" src=\"https:\/\/aaup.really.ovh\/wp-content\/uploads\/2025\/12\/MpPOUM-Sant-Antoni-Vilamajor-1-768x461.webp\" class=\"img-fluid w-100\" alt=\"Modificaci\u00f3n puntual del POUM &#8211; PMU, relativo al sector 1 en el municipio de Sant Antoni de Vilamajor\" \/>             <\/a>         <\/div>\r\n        <h2 class=\"mt-0 mt-md-2 mb-2 mb-lg-5\">\r\n             <a href=\"https:\/\/aaup.really.ovh\/es\/proyectos\/modificacion-puntual-del-poum-pmu-relativo-al-sector-1-en-el-municipio-de-sant-antoni-de-vilamajor\/\">                 Modificaci\u00f3n puntual del POUM &#8211; PMU, relativo al sector 1 en el municipio de Sant Antoni de Vilamajor             <\/a>         <\/h2>\r\n    <\/article>\r\n<\/div>\r\n                    \r\n<div class=\"masonry-item\" data-tags=\"proyecto-urbano\">\r\n    <article id=\"post-1699\">\r\n        <div class=\"position-relative mb-0\">\r\n             <a href=\"https:\/\/aaup.really.ovh\/es\/proyectos\/proyecto-de-reurbanizacion-de-la-calle-alfons-el-magnanim\/\">                 <img decoding=\"async\" src=\"https:\/\/aaup.really.ovh\/wp-content\/uploads\/2025\/12\/Reurbanitzacio-Alfons-el-Magnanim-1-768x435.webp\" class=\"img-fluid w-100\" alt=\"Proyecto de reurbanizaci\u00f3n de la calle Alfons el Magn\u00e0nim\" \/>             <\/a>         <\/div>\r\n        <h2 class=\"mt-0 mt-md-2 mb-2 mb-lg-5\">\r\n             <a href=\"https:\/\/aaup.really.ovh\/es\/proyectos\/proyecto-de-reurbanizacion-de-la-calle-alfons-el-magnanim\/\">                 Proyecto de reurbanizaci\u00f3n de la calle Alfons el Magn\u00e0nim             <\/a>         <\/h2>\r\n    <\/article>\r\n<\/div>\r\n                    \r\n<div class=\"masonry-item\" data-tags=\"\">\r\n    <article id=\"post-1694\">\r\n        <div class=\"position-relative mb-0\">\r\n             <a href=\"https:\/\/aaup.really.ovh\/es\/proyectos\/plan-especial-urbanistico-del-embalse-de-la-baells\/\">                 <img decoding=\"async\" src=\"https:\/\/aaup.really.ovh\/wp-content\/uploads\/2025\/12\/PEU-Embassament-La-Baells-1-768x619.webp\" class=\"img-fluid w-100\" alt=\"Plan especial urban\u00edstico del embalse de La Baells\" \/>             <\/a>         <\/div>\r\n        <h2 class=\"mt-0 mt-md-2 mb-2 mb-lg-5\">\r\n             <a href=\"https:\/\/aaup.really.ovh\/es\/proyectos\/plan-especial-urbanistico-del-embalse-de-la-baells\/\">                 Plan especial urban\u00edstico del embalse de La Baells             <\/a>         <\/h2>\r\n    <\/article>\r\n<\/div>\r\n            <\/div>\r\n[\/vc_column][\/vc_row][\/vc_section]<\/p>\n<\/body><\/html>\n<\/div>","protected":false},"excerpt":{"rendered":"[vc_section][vc_row][vc_column][\/vc_column][\/vc_row][\/vc_section]","protected":false},"author":1,"featured_media":1296,"parent":0,"menu_order":0,"comment_status":"closed","ping_status":"closed","template":"templates\/template-page-without-title.php","meta":{"inline_featured_image":false,"footnotes":""},"class_list":["post-1777","page","type-page","status-publish","has-post-thumbnail","hentry"],"yoast_head":"<!-- This site is optimized with the Yoast SEO plugin v26.5 - https:\/\/yoast.com\/wordpress\/plugins\/seo\/ -->\n<title>Destacados - AAUP<\/title>\n<meta name=\"description\" content=\"Proyectos destacados de AAUP, equipo pluridisciplinar de arquitectura especializados en proyectos de Urbanismo, espacio p\u00fablico y edificaci\u00f3n.\" \/>\n<meta name=\"robots\" content=\"noindex, follow, max-snippet:-1, max-image-preview:large, max-video-preview:-1\" \/>\n<meta property=\"og:locale\" content=\"es_ES\" \/>\n<meta property=\"og:type\" content=\"article\" \/>\n<meta property=\"og:title\" content=\"Destacados - AAUP\" \/>\n<meta property=\"og:description\" content=\"Proyectos destacados de AAUP, equipo pluridisciplinar de arquitectura especializados en proyectos de Urbanismo, espacio p\u00fablico y edificaci\u00f3n.\" \/>\n<meta property=\"og:url\" content=\"https:\/\/aaup.really.ovh\/es\/\" \/>\n<meta property=\"og:site_name\" content=\"AAUP\" \/>\n<meta property=\"article:modified_time\" content=\"2025-12-16T19:37:00+00:00\" \/>\n<meta property=\"og:image\" content=\"https:\/\/aaup.really.ovh\/wp-content\/uploads\/2025\/12\/Reurbanitzacio-Alfons-el-Magnanim-1.webp\" \/>\n\t<meta property=\"og:image:width\" content=\"2000\" \/>\n\t<meta property=\"og:image:height\" content=\"1134\" \/>\n\t<meta property=\"og:image:type\" content=\"image\/webp\" \/>\n<meta name=\"twitter:card\" content=\"summary_large_image\" \/>\n<script type=\"application\/ld+json\" class=\"yoast-schema-graph\">{\"@context\":\"https:\/\/schema.org\",\"@graph\":[{\"@type\":\"WebPage\",\"@id\":\"https:\/\/aaup.really.ovh\/es\/\",\"url\":\"https:\/\/aaup.really.ovh\/es\/\",\"name\":\"Destacados - AAUP\",\"isPartOf\":{\"@id\":\"https:\/\/aaup.really.ovh\/es\/#website\"},\"primaryImageOfPage\":{\"@id\":\"https:\/\/aaup.really.ovh\/es\/#primaryimage\"},\"image\":{\"@id\":\"https:\/\/aaup.really.ovh\/es\/#primaryimage\"},\"thumbnailUrl\":\"https:\/\/aaup.really.ovh\/wp-content\/uploads\/2025\/12\/MpPOUM-Sant-Antoni-Vilamajor-1.webp\",\"datePublished\":\"2023-06-27T22:35:18+00:00\",\"dateModified\":\"2025-12-16T19:37:00+00:00\",\"description\":\"Proyectos destacados de AAUP, equipo pluridisciplinar de arquitectura especializados en proyectos de Urbanismo, espacio p\u00fablico y edificaci\u00f3n.\",\"breadcrumb\":{\"@id\":\"https:\/\/aaup.really.ovh\/es\/#breadcrumb\"},\"inLanguage\":\"es\",\"potentialAction\":[{\"@type\":\"ReadAction\",\"target\":[\"https:\/\/aaup.really.ovh\/es\/\"]}]},{\"@type\":\"ImageObject\",\"inLanguage\":\"es\",\"@id\":\"https:\/\/aaup.really.ovh\/es\/#primaryimage\",\"url\":\"https:\/\/aaup.really.ovh\/wp-content\/uploads\/2025\/12\/MpPOUM-Sant-Antoni-Vilamajor-1.webp\",\"contentUrl\":\"https:\/\/aaup.really.ovh\/wp-content\/uploads\/2025\/12\/MpPOUM-Sant-Antoni-Vilamajor-1.webp\",\"width\":1600,\"height\":960,\"caption\":\"Modificaci\u00f3 puntual del POUM - PMU, relatiu al sector 1 al municipi de Sant Antoni de Vilamajor\"},{\"@type\":\"BreadcrumbList\",\"@id\":\"https:\/\/aaup.really.ovh\/es\/#breadcrumb\",\"itemListElement\":[{\"@type\":\"ListItem\",\"position\":1,\"name\":\"Home\",\"item\":\"https:\/\/aaup.really.ovh\/es\/destacados\/\"},{\"@type\":\"ListItem\",\"position\":2,\"name\":\"Destacados\"}]},{\"@type\":\"WebSite\",\"@id\":\"https:\/\/aaup.really.ovh\/es\/#website\",\"url\":\"https:\/\/aaup.really.ovh\/es\/\",\"name\":\"AAUP\",\"description\":\"Planificaci\u00f3 i la gesti\u00f3 urban\u00edstica\",\"potentialAction\":[{\"@type\":\"SearchAction\",\"target\":{\"@type\":\"EntryPoint\",\"urlTemplate\":\"https:\/\/aaup.really.ovh\/es\/?s={search_term_string}\"},\"query-input\":{\"@type\":\"PropertyValueSpecification\",\"valueRequired\":true,\"valueName\":\"search_term_string\"}}],\"inLanguage\":\"es\"}]}<\/script>\n<!-- \/ Yoast SEO plugin. -->","yoast_head_json":{"title":"Destacados - AAUP","description":"Proyectos destacados de AAUP, equipo pluridisciplinar de arquitectura especializados en proyectos de Urbanismo, espacio p\u00fablico y edificaci\u00f3n.","robots":{"index":"noindex","follow":"follow","max-snippet":"max-snippet:-1","max-image-preview":"max-image-preview:large","max-video-preview":"max-video-preview:-1"},"og_locale":"es_ES","og_type":"article","og_title":"Destacados - AAUP","og_description":"Proyectos destacados de AAUP, equipo pluridisciplinar de arquitectura especializados en proyectos de Urbanismo, espacio p\u00fablico y edificaci\u00f3n.","og_url":"https:\/\/aaup.really.ovh\/es\/","og_site_name":"AAUP","article_modified_time":"2025-12-16T19:37:00+00:00","og_image":[{"width":2000,"height":1134,"url":"https:\/\/aaup.really.ovh\/wp-content\/uploads\/2025\/12\/Reurbanitzacio-Alfons-el-Magnanim-1.webp","type":"image\/webp"}],"twitter_card":"summary_large_image","schema":{"@context":"https:\/\/schema.org","@graph":[{"@type":"WebPage","@id":"https:\/\/aaup.really.ovh\/es\/","url":"https:\/\/aaup.really.ovh\/es\/","name":"Destacados - AAUP","isPartOf":{"@id":"https:\/\/aaup.really.ovh\/es\/#website"},"primaryImageOfPage":{"@id":"https:\/\/aaup.really.ovh\/es\/#primaryimage"},"image":{"@id":"https:\/\/aaup.really.ovh\/es\/#primaryimage"},"thumbnailUrl":"https:\/\/aaup.really.ovh\/wp-content\/uploads\/2025\/12\/MpPOUM-Sant-Antoni-Vilamajor-1.webp","datePublished":"2023-06-27T22:35:18+00:00","dateModified":"2025-12-16T19:37:00+00:00","description":"Proyectos destacados de AAUP, equipo pluridisciplinar de arquitectura especializados en proyectos de Urbanismo, espacio p\u00fablico y edificaci\u00f3n.","breadcrumb":{"@id":"https:\/\/aaup.really.ovh\/es\/#breadcrumb"},"inLanguage":"es","potentialAction":[{"@type":"ReadAction","target":["https:\/\/aaup.really.ovh\/es\/"]}]},{"@type":"ImageObject","inLanguage":"es","@id":"https:\/\/aaup.really.ovh\/es\/#primaryimage","url":"https:\/\/aaup.really.ovh\/wp-content\/uploads\/2025\/12\/MpPOUM-Sant-Antoni-Vilamajor-1.webp","contentUrl":"https:\/\/aaup.really.ovh\/wp-content\/uploads\/2025\/12\/MpPOUM-Sant-Antoni-Vilamajor-1.webp","width":1600,"height":960,"caption":"Modificaci\u00f3 puntual del POUM - PMU, relatiu al sector 1 al municipi de Sant Antoni de Vilamajor"},{"@type":"BreadcrumbList","@id":"https:\/\/aaup.really.ovh\/es\/#breadcrumb","itemListElement":[{"@type":"ListItem","position":1,"name":"Home","item":"https:\/\/aaup.really.ovh\/es\/destacados\/"},{"@type":"ListItem","position":2,"name":"Destacados"}]},{"@type":"WebSite","@id":"https:\/\/aaup.really.ovh\/es\/#website","url":"https:\/\/aaup.really.ovh\/es\/","name":"AAUP","description":"Planificaci\u00f3 i la gesti\u00f3 urban\u00edstica","potentialAction":[{"@type":"SearchAction","target":{"@type":"EntryPoint","urlTemplate":"https:\/\/aaup.really.ovh\/es\/?s={search_term_string}"},"query-input":{"@type":"PropertyValueSpecification","valueRequired":true,"valueName":"search_term_string"}}],"inLanguage":"es"}]}},"_links":{"self":[{"href":"https:\/\/aaup.really.ovh\/es\/wp-json\/wp\/v2\/pages\/1777","targetHints":{"allow":["GET"]}}],"collection":[{"href":"https:\/\/aaup.really.ovh\/es\/wp-json\/wp\/v2\/pages"}],"about":[{"href":"https:\/\/aaup.really.ovh\/es\/wp-json\/wp\/v2\/types\/page"}],"author":[{"embeddable":true,"href":"https:\/\/aaup.really.ovh\/es\/wp-json\/wp\/v2\/users\/1"}],"replies":[{"embeddable":true,"href":"https:\/\/aaup.really.ovh\/es\/wp-json\/wp\/v2\/comments?post=1777"}],"version-history":[{"count":1,"href":"https:\/\/aaup.really.ovh\/es\/wp-json\/wp\/v2\/pages\/1777\/revisions"}],"predecessor-version":[{"id":1778,"href":"https:\/\/aaup.really.ovh\/es\/wp-json\/wp\/v2\/pages\/1777\/revisions\/1778"}],"wp:featuredmedia":[{"embeddable":true,"href":"https:\/\/aaup.really.ovh\/es\/wp-json\/wp\/v2\/media\/1296"}],"wp:attachment":[{"href":"https:\/\/aaup.really.ovh\/es\/wp-json\/wp\/v2\/media?parent=1777"}],"curies":[{"name":"wp","href":"https:\/\/api.w.org\/{rel}","templated":true}]}}