{"id":1689,"date":"2024-12-29T23:07:58","date_gmt":"2024-12-29T22:07:58","guid":{"rendered":"https:\/\/aaup.really.ovh\/equipo\/"},"modified":"2026-01-07T19:37:12","modified_gmt":"2026-01-07T18:37:12","slug":"equipo","status":"publish","type":"page","link":"https:\/\/aaup.really.ovh\/es\/equipo\/","title":{"rendered":"Equipo"},"content":{"rendered":"<div class=\"wpb-content-wrapper\"><!DOCTYPE html PUBLIC \"-\/\/W3C\/\/DTD HTML 4.0 Transitional\/\/EN\" \"http:\/\/www.w3.org\/TR\/REC-html40\/loose.dtd\">\n<html><body><p>[vc_section el_class=&raquo;mt-4&Prime;][vc_row equal_height=&raquo;yes&raquo;][vc_column offset=&raquo;vc_col-lg-8&Prime; el_class=&raquo;mb-2 rwd-space-between-column&raquo;][vc_column_text el_class=&raquo;mb-0 mb-lg-4&Prime;]AAUP es un equipo pluridisciplinar de arquitectura fundado por Jordi Romero Sab&iacute;, arquitecto urbanista, que se dedica de manera preferente a la planificaci&oacute;n y gesti&oacute;n urban&iacute;sticas, as&iacute; como a la proyectaci&oacute;n del espacio p&uacute;blico, en el &aacute;mbito del cual ha recibido el European Prize for Urban Public Space 2012, por el proyecto de restauraci&oacute;n de las Bater&iacute;as anti.<\/p>\n<p>AAUP est&aacute; integrado tambi&eacute;n por los arquitectos asociados Guillem Gasc&oacute;n, Oriol Mar&iacute; y Georgina Fortuny, adem&aacute;s de los colaboradores habituales del despacho y en permanente relaci&oacute;n con profesionales de los &aacute;mbitos de la ingenier&iacute;a, el medio ambiente, el derecho urban&iacute;stico, la econom&iacute;a, la sociolog&iacute;a y la historia, entre otros.<\/p>\n<p>Nuestro despacho ha sido seleccionado en el Acuerdo Marco de la Asociaci&oacute;n Catalana de Municipios para la redacci&oacute;n de planeamiento en Barcelona, &#8203;&#8203;Tarragona y Gerona, y recientemente por el Acuerdo Marco por el de Barcelona de Infraestructuras Municipales (BIMSA) para la realizaci&oacute;n de proyectos de espacio p&uacute;blico en la ciudad de Barcelona durante los pr&oacute;ximos 3 a&ntilde;os.<\/p>\n<p>Actualmente trabajamos en los POUM de Creixell, Calaf, San Pedro Sallavinera, &Ograve;dena, San Mateo de Bages y San Quint&iacute;n de Mediona, entre otros trabajos de planeamiento, como los planes especiales de diversos campings en Figueres, Montblanc, Malgrat, Terrades o Vilanova de prades.<\/p>\n<p>En el &aacute;mbito del espacio p&uacute;blico tenemos sobre la mesa los proyectos de urbanizaci&oacute;n de diversos espacios p&uacute;blicos de Creixell, el pol&iacute;gono Les Pereres II en Santa Perpetua de Mogoda o el Camping Pous en Figueres, entre otros.[\/vc_column_text][vc_column_text el_class=&raquo;d-none d-lg-block mt-auto&raquo;]C&ograve;rsega 594, 1er 4a,<br>\n08025 Barcelona<\/p>\n<p><a href=\"tel:34933105413\">t. 34 933 105 413<\/a><br>\n<a href=\"mailto:info@aaup.cat\">info@aaup.cat<\/a>[\/vc_column_text][\/vc_column][vc_column offset=&raquo;vc_col-lg-4&Prime; el_class=&raquo;mb-2&Prime;][\/vc_column][\/vc_row][vc_row][vc_column el_class=&raquo;d-lg-none&raquo;][vc_column_text]C&ograve;rsega 594, 1er 4a,<br>\n08025 Barcelona<\/p>\n<p><a href=\"tel:34933105413\">t. 34 933 105 413<\/a><br>\n<a href=\"mailto:info@aaup.cat\">info@aaup.cat<\/a>[\/vc_column_text][\/vc_column][\/vc_row][\/vc_section]<\/p>\n<\/body><\/html>\n<\/div>","protected":false},"excerpt":{"rendered":"[vc_section el_class=&raquo;mt-4&Prime;][vc_row equal_height=&raquo;yes&raquo;][vc_column offset=&raquo;vc_col-lg-8&Prime; el_class=&raquo;mb-2 rwd-space-between-column&raquo;][vc_column_text el_class=&raquo;mb-0 mb-lg-4&Prime;]AAUP es un equipo pluridisciplinar de arquitectura fundado por Jordi Romero Sab&iacute;, arquitecto urbanista, que se dedica de manera preferente a la planificaci&oacute;n y gesti&oacute;n urban&iacute;sticas, as&iacute; como a la proyectaci&oacute;n del espacio p&uacute;blico, en el &aacute;mbito del cual ha recibido el European Prize for Urban Public Space&#8230; <p><a class=\"view-article btn btn-secondary\" href=\"https:\/\/aaup.really.ovh\/es\/equipo\/\" role=\"button\">Leer m\u00e1s <\/a><\/p>","protected":false},"author":1,"featured_media":0,"parent":0,"menu_order":0,"comment_status":"closed","ping_status":"closed","template":"templates\/template-page-without-title.php","meta":{"inline_featured_image":false,"footnotes":""},"class_list":["post-1689","page","type-page","status-publish","hentry"],"yoast_head":"<!-- This site is optimized with the Yoast SEO plugin v26.5 - https:\/\/yoast.com\/wordpress\/plugins\/seo\/ -->\n<title>Equipo - AAUP<\/title>\n<meta name=\"description\" content=\"AAUP equipo pluridisciplinar de arquitectura de Jordi Romero Sab\u00ed, arquitecto urbanista. Planificaci\u00f3n y la gesti\u00f3n urban\u00edstica y espacio p\u00fablico\" \/>\n<meta name=\"robots\" content=\"noindex, follow, max-snippet:-1, max-image-preview:large, max-video-preview:-1\" \/>\n<meta property=\"og:locale\" content=\"es_ES\" \/>\n<meta property=\"og:type\" content=\"article\" \/>\n<meta property=\"og:title\" content=\"Equipo - AAUP\" \/>\n<meta property=\"og:description\" content=\"AAUP equipo pluridisciplinar de arquitectura de Jordi Romero Sab\u00ed, arquitecto urbanista. Planificaci\u00f3n y la gesti\u00f3n urban\u00edstica y espacio p\u00fablico\" \/>\n<meta property=\"og:url\" content=\"https:\/\/aaup.really.ovh\/es\/equipo\/\" \/>\n<meta property=\"og:site_name\" content=\"AAUP\" \/>\n<meta property=\"article:modified_time\" content=\"2026-01-07T18:37:12+00:00\" \/>\n<meta name=\"twitter:card\" content=\"summary_large_image\" \/>\n<meta name=\"twitter:label1\" content=\"Tiempo de lectura\" \/>\n\t<meta name=\"twitter:data1\" content=\"2 minutos\" \/>\n<script type=\"application\/ld+json\" class=\"yoast-schema-graph\">{\"@context\":\"https:\/\/schema.org\",\"@graph\":[{\"@type\":\"WebPage\",\"@id\":\"https:\/\/aaup.really.ovh\/es\/equipo\/\",\"url\":\"https:\/\/aaup.really.ovh\/es\/equipo\/\",\"name\":\"Equipo - AAUP\",\"isPartOf\":{\"@id\":\"https:\/\/aaup.really.ovh\/es\/#website\"},\"datePublished\":\"2024-12-29T22:07:58+00:00\",\"dateModified\":\"2026-01-07T18:37:12+00:00\",\"description\":\"AAUP equipo pluridisciplinar de arquitectura de Jordi Romero Sab\u00ed, arquitecto urbanista. Planificaci\u00f3n y la gesti\u00f3n urban\u00edstica y espacio p\u00fablico\",\"breadcrumb\":{\"@id\":\"https:\/\/aaup.really.ovh\/es\/equipo\/#breadcrumb\"},\"inLanguage\":\"es\",\"potentialAction\":[{\"@type\":\"ReadAction\",\"target\":[\"https:\/\/aaup.really.ovh\/es\/equipo\/\"]}]},{\"@type\":\"BreadcrumbList\",\"@id\":\"https:\/\/aaup.really.ovh\/es\/equipo\/#breadcrumb\",\"itemListElement\":[{\"@type\":\"ListItem\",\"position\":1,\"name\":\"Home\",\"item\":\"https:\/\/aaup.really.ovh\/es\/destacados\/\"},{\"@type\":\"ListItem\",\"position\":2,\"name\":\"Equipo\"}]},{\"@type\":\"WebSite\",\"@id\":\"https:\/\/aaup.really.ovh\/es\/#website\",\"url\":\"https:\/\/aaup.really.ovh\/es\/\",\"name\":\"AAUP\",\"description\":\"Planificaci\u00f3 i la gesti\u00f3 urban\u00edstica\",\"potentialAction\":[{\"@type\":\"SearchAction\",\"target\":{\"@type\":\"EntryPoint\",\"urlTemplate\":\"https:\/\/aaup.really.ovh\/es\/?s={search_term_string}\"},\"query-input\":{\"@type\":\"PropertyValueSpecification\",\"valueRequired\":true,\"valueName\":\"search_term_string\"}}],\"inLanguage\":\"es\"}]}<\/script>\n<!-- \/ Yoast SEO plugin. -->","yoast_head_json":{"title":"Equipo - AAUP","description":"AAUP equipo pluridisciplinar de arquitectura de Jordi Romero Sab\u00ed, arquitecto urbanista. Planificaci\u00f3n y la gesti\u00f3n urban\u00edstica y espacio p\u00fablico","robots":{"index":"noindex","follow":"follow","max-snippet":"max-snippet:-1","max-image-preview":"max-image-preview:large","max-video-preview":"max-video-preview:-1"},"og_locale":"es_ES","og_type":"article","og_title":"Equipo - AAUP","og_description":"AAUP equipo pluridisciplinar de arquitectura de Jordi Romero Sab\u00ed, arquitecto urbanista. Planificaci\u00f3n y la gesti\u00f3n urban\u00edstica y espacio p\u00fablico","og_url":"https:\/\/aaup.really.ovh\/es\/equipo\/","og_site_name":"AAUP","article_modified_time":"2026-01-07T18:37:12+00:00","twitter_card":"summary_large_image","twitter_misc":{"Tiempo de lectura":"2 minutos"},"schema":{"@context":"https:\/\/schema.org","@graph":[{"@type":"WebPage","@id":"https:\/\/aaup.really.ovh\/es\/equipo\/","url":"https:\/\/aaup.really.ovh\/es\/equipo\/","name":"Equipo - AAUP","isPartOf":{"@id":"https:\/\/aaup.really.ovh\/es\/#website"},"datePublished":"2024-12-29T22:07:58+00:00","dateModified":"2026-01-07T18:37:12+00:00","description":"AAUP equipo pluridisciplinar de arquitectura de Jordi Romero Sab\u00ed, arquitecto urbanista. Planificaci\u00f3n y la gesti\u00f3n urban\u00edstica y espacio p\u00fablico","breadcrumb":{"@id":"https:\/\/aaup.really.ovh\/es\/equipo\/#breadcrumb"},"inLanguage":"es","potentialAction":[{"@type":"ReadAction","target":["https:\/\/aaup.really.ovh\/es\/equipo\/"]}]},{"@type":"BreadcrumbList","@id":"https:\/\/aaup.really.ovh\/es\/equipo\/#breadcrumb","itemListElement":[{"@type":"ListItem","position":1,"name":"Home","item":"https:\/\/aaup.really.ovh\/es\/destacados\/"},{"@type":"ListItem","position":2,"name":"Equipo"}]},{"@type":"WebSite","@id":"https:\/\/aaup.really.ovh\/es\/#website","url":"https:\/\/aaup.really.ovh\/es\/","name":"AAUP","description":"Planificaci\u00f3 i la gesti\u00f3 urban\u00edstica","potentialAction":[{"@type":"SearchAction","target":{"@type":"EntryPoint","urlTemplate":"https:\/\/aaup.really.ovh\/es\/?s={search_term_string}"},"query-input":{"@type":"PropertyValueSpecification","valueRequired":true,"valueName":"search_term_string"}}],"inLanguage":"es"}]}},"_links":{"self":[{"href":"https:\/\/aaup.really.ovh\/es\/wp-json\/wp\/v2\/pages\/1689","targetHints":{"allow":["GET"]}}],"collection":[{"href":"https:\/\/aaup.really.ovh\/es\/wp-json\/wp\/v2\/pages"}],"about":[{"href":"https:\/\/aaup.really.ovh\/es\/wp-json\/wp\/v2\/types\/page"}],"author":[{"embeddable":true,"href":"https:\/\/aaup.really.ovh\/es\/wp-json\/wp\/v2\/users\/1"}],"replies":[{"embeddable":true,"href":"https:\/\/aaup.really.ovh\/es\/wp-json\/wp\/v2\/comments?post=1689"}],"version-history":[{"count":6,"href":"https:\/\/aaup.really.ovh\/es\/wp-json\/wp\/v2\/pages\/1689\/revisions"}],"predecessor-version":[{"id":1828,"href":"https:\/\/aaup.really.ovh\/es\/wp-json\/wp\/v2\/pages\/1689\/revisions\/1828"}],"wp:attachment":[{"href":"https:\/\/aaup.really.ovh\/es\/wp-json\/wp\/v2\/media?parent=1689"}],"curies":[{"name":"wp","href":"https:\/\/api.w.org\/{rel}","templated":true}]}}